{"id":42,"date":"2024-10-23T11:58:25","date_gmt":"2024-10-23T09:58:25","guid":{"rendered":"https:\/\/sbnergie.fr\/?page_id=42"},"modified":"2024-10-23T12:41:02","modified_gmt":"2024-10-23T10:41:02","slug":"mentions-legales","status":"publish","type":"page","link":"https:\/\/sbnergie.fr\/index.php\/mentions-legales\/","title":{"rendered":"Mentions l\u00e9gales"},"content":{"rendered":"\n<p><strong>\u00c9diteur<\/strong>&nbsp;&nbsp;<\/p>\n\n\n\n<p>SBnergie.fr est un site web, accessible par les utilisateurs \u00e0 l\u2019adresse URL suivante www.sbnergie.fr, \u00e9dit\u00e9 par :&nbsp;<\/p>\n\n\n\n<p><strong><u>Si vous \u00eates une personne physique<\/u><\/strong><\/p>\n\n\n\n<p>Identit\u00e9&nbsp;: BUISSON S\u00e9bastien, SBnergie&nbsp;<\/p>\n\n\n\n<p>Num\u00e9ro d\u2019inscription&nbsp;: 49510037200020<\/p>\n\n\n\n<p>Num\u00e9ro de TVA intracommunautaire\u00a0: TVA non applicable, <a href=\"https:\/\/www.legifrance.gouv.fr\/codes\/article_lc\/LEGIARTI000042159618\/\">art. 293 B du CGI\u00a0<\/a><\/p>\n\n\n\n<p>Adresse :&nbsp;430 route de Rey, 82340 Auvillar&nbsp;<\/p>\n\n\n\n<p>T\u00e9l\u00e9phone :&nbsp;0625519832&nbsp;Mail&nbsp;:&nbsp;contact@sbnergie.fr&nbsp;<\/p>\n\n\n\n<p><strong>Directeur de la publication&nbsp;<\/strong>&nbsp;<\/p>\n\n\n\n<p>Identit\u00e9&nbsp;: BUISSON S\u00e9bastien<\/p>\n\n\n\n<p><strong>H\u00e9bergeur&nbsp;<\/strong>&nbsp;<\/p>\n\n\n\n<p>Sbnergie.fr est h\u00e9berg\u00e9 par OVH SAS, que vous pouvez contacter \u00e0 l\u2019adresse&nbsp;email&nbsp;support@ovh.com ou l\u2019adresse postale suivante ;&nbsp;<\/p>\n\n\n\n<p>OVH SAS<\/p>\n\n\n\n<p>Adresse&nbsp;: 2 rue Kellermann, 59100 Roubaix<\/p>\n\n\n\n<p>Le site se r\u00e9serve la possibilit\u00e9 de compl\u00e9ter ou modifier les pr\u00e9sentes mentions l\u00e9gales \u00e0 tout moment et sans pr\u00e9avis.&nbsp;&nbsp;<\/p>\n\n\n\n<p>Le site invite l\u2019utilisateur \u00e0 consulter r\u00e9guli\u00e8rement les pr\u00e9sentes mentions l\u00e9gales.&nbsp;<\/p>\n","protected":false},"excerpt":{"rendered":"<p>\u00c9diteur&nbsp;&nbsp; SBnergie.fr est un site web, accessible par les utilisateurs \u00e0 l\u2019adresse URL suivante www.sbnergie.fr, \u00e9dit\u00e9 par :&nbsp; Si vous \u00eates une personne physique Identit\u00e9&nbsp;: BUISSON S\u00e9bastien, SBnergie&nbsp; Num\u00e9ro d\u2019inscription&nbsp;: 49510037200020 Num\u00e9ro de TVA intracommunautaire\u00a0: TVA non applicable, art. 293 B du CGI\u00a0 Adresse :&nbsp;430 route de Rey, 82340 Auvillar&nbsp; T\u00e9l\u00e9phone :&nbsp;0625519832&nbsp;Mail&nbsp;:&nbsp;contact@sbnergie.fr&nbsp; Directeur de la [&hellip;]<\/p>\n","protected":false},"author":1,"featured_media":0,"parent":0,"menu_order":0,"comment_status":"closed","ping_status":"closed","template":"","meta":{"footnotes":""},"class_list":["post-42","page","type-page","status-publish","hentry"],"_links":{"self":[{"href":"https:\/\/sbnergie.fr\/index.php\/wp-json\/wp\/v2\/pages\/42","targetHints":{"allow":["GET"]}}],"collection":[{"href":"https:\/\/sbnergie.fr\/index.php\/wp-json\/wp\/v2\/pages"}],"about":[{"href":"https:\/\/sbnergie.fr\/index.php\/wp-json\/wp\/v2\/types\/page"}],"author":[{"embeddable":true,"href":"https:\/\/sbnergie.fr\/index.php\/wp-json\/wp\/v2\/users\/1"}],"replies":[{"embeddable":true,"href":"https:\/\/sbnergie.fr\/index.php\/wp-json\/wp\/v2\/comments?post=42"}],"version-history":[{"count":2,"href":"https:\/\/sbnergie.fr\/index.php\/wp-json\/wp\/v2\/pages\/42\/revisions"}],"predecessor-version":[{"id":46,"href":"https:\/\/sbnergie.fr\/index.php\/wp-json\/wp\/v2\/pages\/42\/revisions\/46"}],"wp:attachment":[{"href":"https:\/\/sbnergie.fr\/index.php\/wp-json\/wp\/v2\/media?parent=42"}],"curies":[{"name":"wp","href":"https:\/\/api.w.org\/{rel}","templated":true}]}}